{"id":1109,"date":"2025-11-02T18:13:21","date_gmt":"2025-11-02T17:13:21","guid":{"rendered":"https:\/\/www.amicale-pompiers-anglet.org\/?post_type=product&#038;p=1109"},"modified":"2026-02-13T15:01:18","modified_gmt":"2026-02-13T14:01:18","slug":"calendrier-des-pompiers-2026","status":"publish","type":"product","link":"https:\/\/www.amicale-pompiers-anglet.org\/?product=calendrier-des-pompiers-2026","title":{"rendered":"Calendrier des Pompiers 2026"},"content":{"rendered":"<h2 data-start=\"133\" data-end=\"194\">\ud83d\udd25 Le Calendrier 2026 des Pompiers d\u2019Anglet est arriv\u00e9 !<\/h2>\n<h3 data-start=\"775\" data-end=\"823\">\ud83d\ude92 Secteurs couverts par la caserne d\u2019Anglet<\/h3>\n<p data-start=\"824\" data-end=\"965\">Anglet \u2013 Biarritz \u2013 Bayonne \u2013 Boucau \u2013 Tarnos \u2013 Saint-Pierre-d\u2019Irube \u2013 Villefranque \u2013 Bidart \u2013 Arcangues \u2013 Arbonne \u2013 Bassussary \u2013 Mouguerre<\/p>\n<h3 data-start=\"972\" data-end=\"1011\">\u00c0 quoi sert votre contribution ?<\/h3>\n<p data-start=\"1012\" data-end=\"1109\">L\u2019argent r\u00e9colt\u00e9 gr\u00e2ce aux calendriers permet \u00e0 <strong data-start=\"1060\" data-end=\"1095\">l\u2019Amicale des Pompiers d\u2019Anglet<\/strong> de financer :<\/p>\n<ul data-start=\"1110\" data-end=\"1326\">\n<li data-start=\"1110\" data-end=\"1176\">\n<p data-start=\"1112\" data-end=\"1176\">des moments de <strong data-start=\"1127\" data-end=\"1158\">convivialit\u00e9 et de coh\u00e9sion<\/strong> entre pompiers,<\/p>\n<\/li>\n<li data-start=\"1177\" data-end=\"1232\">\n<p data-start=\"1179\" data-end=\"1232\">des <strong data-start=\"1183\" data-end=\"1205\">\u00e9v\u00e9nements sportif<\/strong> tout au long de l\u2019ann\u00e9e,<\/p>\n<\/li>\n<li data-start=\"1233\" data-end=\"1326\">\n<p data-start=\"1235\" data-end=\"1326\">ainsi que des <strong data-start=\"1249\" data-end=\"1300\">am\u00e9liorations pour la vie au sein de la caserne<\/strong> et ses infrastructures.<\/p>\n<\/li>\n<\/ul>\n<p data-start=\"1328\" data-end=\"1400\">C\u2019est un petit geste pour vous, mais un <strong data-start=\"1368\" data-end=\"1395\">grand soutien pour nous<\/strong> \ud83d\ude4f<\/p>\n","protected":false},"excerpt":{"rendered":"<blockquote>\n<p data-start=\"196\" data-end=\"333\"><strong data-start=\"196\" data-end=\"271\">\ud83d\udc49 Minimum d\u2019achat : 5 \u20ac mais vous pouvez aller au-del\u00e0, c\u2019est vous qui d\u00e9cidez du montant !<\/strong><br data-start=\"271\" data-end=\"274\" \/>Chaque don compte et nous aide \u00e0 faire vivre l\u2019amicale \ud83d\udcaa<\/p>\n<\/blockquote>\n<p data-start=\"340\" data-end=\"682\">Comme chaque ann\u00e9e, vos <strong data-start=\"364\" data-end=\"385\">pompiers d\u2019Anglet<\/strong> sont venus \u00e0 votre rencontre pour la traditionnelle <strong data-start=\"437\" data-end=\"464\">tourn\u00e9e des calendriers<\/strong>.<br data-start=\"465\" data-end=\"468\" \/>Mais si vous <strong data-start=\"481\" data-end=\"520\">n\u2019\u00e9tiez pas l\u00e0 lors de notre passage<\/strong>, ou si vous <strong data-start=\"533\" data-end=\"568\">n\u2019habitez pas dans nos secteurs<\/strong>, pas de souci !<br data-start=\"584\" data-end=\"587\" \/><br \/>\nVous pouvez d\u00e8s maintenant <strong data-start=\"614\" data-end=\"677\">commander votre calendrier 2026 directement sur le site<\/strong> \ud83d\udcbb<\/p>\n","protected":false},"featured_media":1110,"template":"","meta":{"_et_pb_use_builder":"","_et_pb_old_content":"","_et_gb_content_width":""},"product_brand":[],"product_cat":[22],"product_tag":[],"class_list":{"0":"post-1109","1":"product","2":"type-product","3":"status-publish","4":"has-post-thumbnail","6":"product_cat-boutique","8":"first","9":"instock","10":"sold-individually","11":"shipping-taxable","12":"purchasable","13":"product-type-simple"},"exclude_global_add_ons":[],"addons":[],"_links":{"self":[{"href":"https:\/\/www.amicale-pompiers-anglet.org\/index.php?rest_route=\/wp\/v2\/product\/1109","targetHints":{"allow":["GET"]}}],"collection":[{"href":"https:\/\/www.amicale-pompiers-anglet.org\/index.php?rest_route=\/wp\/v2\/product"}],"about":[{"href":"https:\/\/www.amicale-pompiers-anglet.org\/index.php?rest_route=\/wp\/v2\/types\/product"}],"wp:featuredmedia":[{"embeddable":true,"href":"https:\/\/www.amicale-pompiers-anglet.org\/index.php?rest_route=\/wp\/v2\/media\/1110"}],"wp:attachment":[{"href":"https:\/\/www.amicale-pompiers-anglet.org\/index.php?rest_route=%2Fwp%2Fv2%2Fmedia&parent=1109"}],"wp:term":[{"taxonomy":"product_brand","embeddable":true,"href":"https:\/\/www.amicale-pompiers-anglet.org\/index.php?rest_route=%2Fwp%2Fv2%2Fproduct_brand&post=1109"},{"taxonomy":"product_cat","embeddable":true,"href":"https:\/\/www.amicale-pompiers-anglet.org\/index.php?rest_route=%2Fwp%2Fv2%2Fproduct_cat&post=1109"},{"taxonomy":"product_tag","embeddable":true,"href":"https:\/\/www.amicale-pompiers-anglet.org\/index.php?rest_route=%2Fwp%2Fv2%2Fproduct_tag&post=1109"}],"curies":[{"name":"wp","href":"https:\/\/api.w.org\/{rel}","templated":true}]}}